{"id":13,"date":"2017-12-15T19:12:09","date_gmt":"2017-12-15T19:12:09","guid":{"rendered":"http:\/\/sgfeuerwehr.florian-dahlenburg.de\/?page_id=13"},"modified":"2025-01-10T12:33:48","modified_gmt":"2025-01-10T12:33:48","slug":"ueber-uns","status":"publish","type":"page","link":"https:\/\/florian-dahlenburg.de\/?page_id=13","title":{"rendered":"\u00dcBER UNS"},"content":{"rendered":"<p>Die Freiwillige Feuerwehr der Samtgemeinde Dahlenburg wird vom<br \/>\nGemeindebrandmeister <strong>Marc Bergmann<\/strong> geleitet.<\/p>\n<p>Ihm zur Seite stehen der Stellv. Gemeindebrandmeister <strong>Jan Griffel<\/strong> und <strong>Walter Bruns<\/strong>.<\/p>\n<p style=\"text-align: left;\"><strong><img loading=\"lazy\" decoding=\"async\" class=\" wp-image-1670 alignleft\" src=\"http:\/\/sgfeuerwehr.florian-dahlenburg.de\/wp-content\/uploads\/2020\/09\/Marc-Bergmann.jpg\" alt=\"\" width=\"150\" height=\"221\" srcset=\"https:\/\/florian-dahlenburg.de\/wp-content\/uploads\/2020\/09\/Marc-Bergmann.jpg 352w, https:\/\/florian-dahlenburg.de\/wp-content\/uploads\/2020\/09\/Marc-Bergmann-204x300.jpg 204w\" sizes=\"auto, (max-width: 150px) 100vw, 150px\" \/>Gemeindebrandmeister<\/strong><\/p>\n<p style=\"text-align: left;\">Marc Bergmann<\/p>\n<p>E-Mail: GemBM(at)florian-dahlenburg.de<\/p>\n<p>&nbsp;<\/p>\n<p>&nbsp;<\/p>\n<p>&nbsp;<\/p>\n<p><strong><img loading=\"lazy\" decoding=\"async\" class=\" wp-image-2472 alignleft\" src=\"http:\/\/sgfeuerwehr.florian-dahlenburg.de\/wp-content\/uploads\/2022\/06\/Jan-Griffel.jpg\" alt=\"\" width=\"154\" height=\"197\" srcset=\"https:\/\/florian-dahlenburg.de\/wp-content\/uploads\/2022\/06\/Jan-Griffel.jpg 376w, https:\/\/florian-dahlenburg.de\/wp-content\/uploads\/2022\/06\/Jan-Griffel-235x300.jpg 235w\" sizes=\"auto, (max-width: 154px) 100vw, 154px\" \/>1.Stellv. Gemeindebrandmeister<\/strong><\/p>\n<p>Jan Griffel<\/p>\n<p>E-Mail: 1.Stellv.GemBM(at)florian-dahlenburg.de<\/p>\n<p>&nbsp;<\/p>\n<p>&nbsp;<\/p>\n<p>&nbsp;<\/p>\n<p><strong><img loading=\"lazy\" decoding=\"async\" class=\" wp-image-2474 alignleft\" src=\"http:\/\/sgfeuerwehr.florian-dahlenburg.de\/wp-content\/uploads\/2022\/06\/Walter.jpg\" alt=\"\" width=\"149\" height=\"228\" srcset=\"https:\/\/florian-dahlenburg.de\/wp-content\/uploads\/2022\/06\/Walter.jpg 372w, https:\/\/florian-dahlenburg.de\/wp-content\/uploads\/2022\/06\/Walter-196x300.jpg 196w\" sizes=\"auto, (max-width: 149px) 100vw, 149px\" \/>2.Stellv. Gemeindebrandmeister<\/strong><\/p>\n<p>Walter Bruns<\/p>\n<p>E-Mail: 2.Stellv.GemBM(at)florian-dahlenburg.de<\/p>\n<p>&nbsp;<\/p>\n<p style=\"text-align: right;\"><strong><em>(at) in der E-Mail Adresse durch @ ersetzen!<\/em><\/strong><\/p>\n<p>&nbsp;<\/p>\n<p style=\"text-align: center;\"><strong>Die Feuerwehr der Samtgemeinde besteht aus 2 St\u00fctzpunktwehren und 9 Ortsfeuerwehren.<\/strong><\/p>\n<p>Die SG Dahlenburg ist eine sogenannte \u201eAuspendlergemeinde\u201c, d.h. viele unserer Einwohner verlassen ihren Wohnort, um zu arbeiten. Unsere elf Ortsfeuerwehren sind in drei Gemeinde-Z\u00fcge zusammengefasst, was insbesondere der eingeschr\u00e4nkten Tagesverf\u00fcgbarkeit der Einsatzkr\u00e4fte Rechnung tr\u00e4gt. Dies hat sich aber auch sehr positiv auf die Ausbildung und den Zusammenhalt unserer Feuerwehrleute ausgewirkt.<\/p>\n<p><span class=\"text_exposed_show\"><strong>L\u00f6schzug 1:<\/strong> Dahlem, Dahlenburg, Ellringen, Harmstorf-K\u00f6storf<br \/>\n<strong>L\u00f6schzug 2:<\/strong> Kovahl, Nahrendorf-Oldendorf, Pommoissel, Tosterglope<br \/>\n<strong>L\u00f6schzug 3:<\/strong> Boitze, Gienau, Lemgrabe-Dumstorf<\/span><\/p>\n<p>Als Samtgemeinde-Einheiten bestehen eine Gefahrgut- und eine Informations- und Kommunikationsgruppe, in denen Feuerwehrleute aus verschiedenen Ortsfeuerwehren gemeinsam Dienst leisten.<\/p>\n<p>Zahlreiche Mitglieder unserer Feuerwehr sind auch auf Kreisebene als Ausbilder, Wettbewerbsrichter oder Mitglieder der Technischen Einsatzleitung t\u00e4tig.<\/p>\n<p><strong><em>\u00dcbersicht:<\/em><\/strong><br \/>\nAnzahl Ortsfeuerwehren <strong>11<\/strong><br \/>\nAnzahl Mitglieder der Einsatzabteilung<strong>: 365<\/strong><br \/>\nAnzahl Mitglieder JF\/KF:<strong> 59\/91<\/strong><br \/>\nAnzahl Mitglieder Altersabteilung <strong>104<\/strong><br \/>\n(Stand 31.12.23)<\/p>\n<h5 style=\"text-align: center;\"><u><b>\u00dcber die Samtgemeinde Dahlenburg<\/b><\/u><\/h5>\n<p>&nbsp;<\/p>\n<p><img loading=\"lazy\" decoding=\"async\" class=\"aligncenter wp-image-859\" src=\"http:\/\/sgfeuerwehr.florian-dahlenburg.de\/wp-content\/uploads\/2019\/03\/Dahlenburg-Farbe-j.jpg\" alt=\"\" width=\"226\" height=\"243\" srcset=\"https:\/\/florian-dahlenburg.de\/wp-content\/uploads\/2019\/03\/Dahlenburg-Farbe-j.jpg 339w, https:\/\/florian-dahlenburg.de\/wp-content\/uploads\/2019\/03\/Dahlenburg-Farbe-j-279x300.jpg 279w\" sizes=\"auto, (max-width: 226px) 100vw, 226px\" \/><\/p>\n<p>Die Samtgemeinde Dahlenburg liegt am \u00f6stlichen Rand des Landkreises L\u00fcneburg, sie bildet das \u201eTor zur G\u00f6hrde\u201c. Das weitl\u00e4ufige Gebiet ist vorwiegend durch landwirtschaftliche Nutzung gepr\u00e4gt. Es bietet eine abwechslungsreiche Landschaft aus Feld und Wald, durchzogen von vielen reizvollen D\u00f6rfern. Den Mittelpunkt der Samtgemeinde bildet Dahlenburg mit einigen industriellen Anlagen, Schulen und Kinderg\u00e4rten, sowie diversen Einkaufsm\u00f6glichkeiten.<\/p>\n<p><b>Zahlen\/Daten\/Fakten<\/b><\/p>\n<p>Amtlicher Name: Samtgemeinde Dahlenburg<\/p>\n<p>Postleitzahl:\u00a0 21368<br \/>\nTelefon Vorwahl:\u00a0 05851<\/p>\n<p>Kreis:\u00a0 L\u00fcneburg<br \/>\nRegierungsbezirk:\u00a0 L\u00fcneburg<br \/>\nBundesland:\u00a0 Niedersachsen<br \/>\nEinwohnerzahl:\u00a0 6.135 (Stand: 31.12.2017)<\/p>\n<p><u>Verkehrsanbindungen\/Fl\u00e4che:<br \/>\n<\/u><\/p>\n<p>Bundesstra\u00dfe 216 zur Autobahnanbindung Hamburg (BAB 39)<br \/>\nSchnellbus- und Bahnverbindung im Hamburger Verkehrsverbund (HVV)<\/p>\n<p>Fl\u00e4che:\u00a0151,2 km\u00b2<br \/>\nNord-S\u00fcd-Ausdehnung:\u00a015,3 km, West-Ost-Ausdehnung:\u00a019,0 km<br \/>\nH\u00f6he \u00fcber NN:\u00a038,7 m &#8211; 89 m<\/p>\n<p><u>Stra\u00dfennetz<\/u><\/p>\n<p>Bundesstra\u00dfen:\u00a015,3 km<br \/>\nLandesstra\u00dfen:\u00a020,5 km<br \/>\nKreisstra\u00dfen: 18,3 km<br \/>\nGemeindestra\u00dfen:\u00a023,1 km<\/p>\n","protected":false},"excerpt":{"rendered":"<p>Die Freiwillige Feuerwehr der Samtgemeinde Dahlenburg wird vom Gemeindebrandmeister Marc Bergmann geleitet. Ihm zur Seite stehen der Stellv.<\/p>\n","protected":false},"author":1,"featured_media":0,"parent":0,"menu_order":0,"comment_status":"closed","ping_status":"closed","template":"","meta":{"footnotes":""},"class_list":["post-13","page","type-page","status-publish","hentry"],"_links":{"self":[{"href":"https:\/\/florian-dahlenburg.de\/index.php?rest_route=\/wp\/v2\/pages\/13","targetHints":{"allow":["GET"]}}],"collection":[{"href":"https:\/\/florian-dahlenburg.de\/index.php?rest_route=\/wp\/v2\/pages"}],"about":[{"href":"https:\/\/florian-dahlenburg.de\/index.php?rest_route=\/wp\/v2\/types\/page"}],"author":[{"embeddable":true,"href":"https:\/\/florian-dahlenburg.de\/index.php?rest_route=\/wp\/v2\/users\/1"}],"replies":[{"embeddable":true,"href":"https:\/\/florian-dahlenburg.de\/index.php?rest_route=%2Fwp%2Fv2%2Fcomments&post=13"}],"version-history":[{"count":49,"href":"https:\/\/florian-dahlenburg.de\/index.php?rest_route=\/wp\/v2\/pages\/13\/revisions"}],"predecessor-version":[{"id":4498,"href":"https:\/\/florian-dahlenburg.de\/index.php?rest_route=\/wp\/v2\/pages\/13\/revisions\/4498"}],"wp:attachment":[{"href":"https:\/\/florian-dahlenburg.de\/index.php?rest_route=%2Fwp%2Fv2%2Fmedia&parent=13"}],"curies":[{"name":"wp","href":"https:\/\/api.w.org\/{rel}","templated":true}]}}