{"id":160,"date":"2017-12-21T10:37:07","date_gmt":"2017-12-21T10:37:07","guid":{"rendered":"http:\/\/sgfeuerwehr.florian-dahlenburg.de\/?page_id=160"},"modified":"2026-02-15T10:08:22","modified_gmt":"2026-02-15T10:08:22","slug":"harmstorf-koestorf-2","status":"publish","type":"page","link":"https:\/\/florian-dahlenburg.de\/?page_id=160","title":{"rendered":"Harmstorf- K\u00f6storf"},"content":{"rendered":"<table>\n<tbody>\n<tr>\n<td colspan=\"2\"><strong>Anschrift Feuerwehrhaus<\/strong><\/td>\n<\/tr>\n<tr>\n<td colspan=\"2\">\n<div class=\"\">Barskamper Weg 4<\/div>\n<div class=\"\">21368 Dahlem\/OT Harmstorf<\/div>\n<\/td>\n<\/tr>\n<tr>\n<td><strong>Ortsbrandmeister<\/strong><\/td>\n<td><strong>Stellv.Ortsbrandmeister<\/strong><\/td>\n<\/tr>\n<tr>\n<td>Christian H\u00fcppe<a href=\"https:\/\/florian-dahlenburg.de\/?attachment_id=1584\" rel=\"attachment wp-att-1584\"><img loading=\"lazy\" decoding=\"async\" class=\"wp-image-1584 aligncenter\" src=\"http:\/\/florian-dahlenburg.de\/wp-content\/uploads\/2020\/07\/C.-H\u00fcppe.jpg\" alt=\"\" width=\"151\" height=\"218\" srcset=\"https:\/\/florian-dahlenburg.de\/wp-content\/uploads\/2020\/07\/C.-H\u00fcppe.jpg 297w, https:\/\/florian-dahlenburg.de\/wp-content\/uploads\/2020\/07\/C.-H\u00fcppe-208x300.jpg 208w\" sizes=\"auto, (max-width: 151px) 100vw, 151px\" \/><\/a><\/td>\n<td>\u00a0Reiner Keul\u00a0 und Sebastian Bellmann<\/td>\n<\/tr>\n<tr>\n<td colspan=\"2\">Email: harmstorf-koestorf(at)florian-dahlenburg.de<\/td>\n<\/tr>\n<\/tbody>\n<\/table>\n<p>&nbsp;<\/p>\n<p>Am 22. Dezember 1901 wurde die Feuerwehr Harmstorf gegr\u00fcndet, die sich 1995 mit der Feuerwehr K\u00f6storf zur Feuerwehr Harmstorf-K\u00f6storf zusammenschloss.<br \/>\nWie \u00fcberall ist es inzwischen auch in unseren D\u00f6rfern schwierig, gen\u00fcgend ehrenamtliche Kr\u00e4fte zu finden, um den Dienst der Feuerwehr umfassend gew\u00e4hrleisten zu k\u00f6nnen. Doch nach einem stetigen Mitgliederschwund seit etwa 2010 konnte Anfang 2022 mit einer gro\u00df angelegten Werbetour die Zahl der aktiven Feuerwehrleute von nur noch knapp 20 auf fast 40 verdoppelt werden! Seitdem befinden wir uns in einer nie dagewesenen Ausbildungstour, von der nat\u00fcrlich auch die \u201ealten Hasen\u201c profitieren. Grundlagenwissen und bew\u00e4hrtes Feuerwehrhandwerk werden vermittelt, ge\u00fcbt, aufgefrischt, verfestigt und nat\u00fcrlich auch eingesetzt.<br \/>\nDar\u00fcber hinaus befindet sich auch unsere Kinderfeuerwehr (die \u00e4lteste der Samtgemeinde Dahlenburg) wieder in einer \u201eRegenerationsphase\u201c.<br \/>\nWir freuen uns \u00fcber jeden gro\u00dfen und kleinen Nachwuchs!<br \/>\nUnsere Monats\u00fcbungen finden in der Regel am letzten Dienstag des Monats um 19:30 Uhr statt. Die Kinderfeuerwehr trifft sich zurzeit ebenfalls an jedem letzten Dienstag im Monat um 17:00 Uhr. Die genauen Termine sind dem Informationskasten am Feuerwehrhaus in Harmstorf zu entnehmen. Interessierte neue oder bereits erfahrene Feuerwehrleute sind herzlich willkommen.<br \/>\nAls Feuerwehr mit Grundausstattung sind wir mit einem MLF (Mittleres L\u00f6schfahrzeug) ausgestattet. Wir arbeiten im 1. Zug der Samtgemeindefeuerwehr mit den Ortsfeuerwehren Dahlenburg, Dahlem und Ellringen zusammen. Unser Einsatzschwerpunkt ist die Brandbek\u00e4mpfung. Immer wieder sind wir aber auch bei Unwettereins\u00e4tzen gefordert.<\/p>\n<h5><span style=\"color: #ff0000;\">Fahrzeug<\/span><\/h5>\n<pre><img loading=\"lazy\" decoding=\"async\" class=\"size-medium wp-image-711 aligncenter\" src=\"http:\/\/sgfeuerwehr.florian-dahlenburg.de\/wp-content\/uploads\/2019\/01\/LF-Harmstorf-300x243.jpg\" alt=\"\" width=\"300\" height=\"243\" srcset=\"https:\/\/florian-dahlenburg.de\/wp-content\/uploads\/2019\/01\/LF-Harmstorf-300x243.jpg 300w, https:\/\/florian-dahlenburg.de\/wp-content\/uploads\/2019\/01\/LF-Harmstorf-768x623.jpg 768w, https:\/\/florian-dahlenburg.de\/wp-content\/uploads\/2019\/01\/LF-Harmstorf.jpg 960w\" sizes=\"auto, (max-width: 300px) 100vw, 300px\" \/><\/pre>\n<p style=\"text-align: center;\"><strong>Funkrufname<\/strong> Florian L\u00fcneburg 16-42-16<br \/>\n<strong>Modell: <\/strong>MLF<br \/>\n<strong>Baujahr: <\/strong>2014<br \/>\n<strong>Zul\u00e4ssiges Gesamtgewicht: 8,8 to<\/strong><\/p>\n<p>&nbsp;<\/p>\n<h5><span style=\"color: #ff0000;\">Chronik<\/span><\/h5>\n<table>\n<tbody>\n<tr>\n<td><span lang=\"de-DE\"><u>OrtsBM:<\/u><\/span><\/p>\n<p>Christian H\u00fcppe 2022- jetzt<\/p>\n<p><span lang=\"de-DE\">Lasse Petersen 2016 -2022<\/span><\/p>\n<p><span lang=\"de-DE\">Michael Harms 2010 &#8211; 2016<\/span><\/p>\n<p><span lang=\"de-DE\">Reiner Keul 2007 &#8211; 2010<\/span><\/p>\n<p><span lang=\"de-DE\">Christian H\u00fcppe 2001 &#8211; 2007<\/span><\/p>\n<p><span lang=\"de-DE\">Manfred Harms 1995 &#8211; 2001<\/span><\/td>\n<td><span lang=\"de-DE\"><u>Stellv. OrtsBM<\/u><\/span><\/p>\n<p>Reiner Keul 2022-jetzt<\/p>\n<p><span lang=\"de-DE\">J\u00f6rg Meyer 2019 &#8211; 2022<\/span><\/p>\n<p><span lang=\"de-DE\">Michael Harms 2016 &#8211; 2019<\/span><\/p>\n<p><span lang=\"de-DE\">Lasse Petersen 2010 &#8211; 2016<\/span><\/p>\n<p><span lang=\"de-DE\">Michael Harms 2007 &#8211; 2010<\/span><\/p>\n<p><span lang=\"de-DE\">Reiner Keul 2001 &#8211; 2007<\/span><\/p>\n<p><span lang=\"de-DE\">Christian H\u00fcppe 1995 &#8211; 2001<\/span><\/td>\n<\/tr>\n<tr>\n<td><\/td>\n<td><span lang=\"de-DE\"><u>2. Stellv. OrtsBM: (erstmals)<\/u><\/span><\/p>\n<p><span lang=\"de-DE\">J\u00f6rg Meyer 2016 -2019<\/span><\/td>\n<\/tr>\n<tr>\n<td colspan=\"2\"><span lang=\"de-DE\"><u><em>Funktionstr\u00e4ger der Ortsfeuerwehr<\/em><\/u><\/span><\/td>\n<\/tr>\n<tr>\n<td><span lang=\"de-DE\"><u>Jugendfeuerwehrwart<\/u><\/span><\/p>\n<p><span lang=\"de-DE\">Kathrin S\u00f6hl 2001 &#8211;\u00a0<\/span><\/p>\n<p><span lang=\"de-DE\">Michael Harms 1995 &#8211; 2001<\/span><\/p>\n<p><span lang=\"de-DE\">Arthur Kaesmacher 1986 &#8211; 1995<\/span><\/p>\n<p><span lang=\"de-DE\">Manfred Harms 1975 &#8211; 1986<\/span><\/p>\n<p><span lang=\"de-DE\">Claus Ibsch 1973 &#8211; 1975 <\/span><\/td>\n<td><span lang=\"de-DE\"><u>Stellv. Jugendfeuerwehrwart:<\/u><\/span><\/p>\n<p><span lang=\"de-DE\">Kathrin S\u00f6hl 1997 &#8211; 2001<\/span><\/p>\n<p><span lang=\"de-DE\">Tobias Drussell 1995 &#8211; 1997<\/span><\/p>\n<p><span lang=\"de-DE\">Michael Harms 1994 &#8211; 1995<\/span><\/p>\n<p><span lang=\"de-DE\">Christian H\u00fcppe 1986 &#8211; 1994<\/span><\/p>\n<p><span lang=\"de-DE\">Manfred Harms 1973 &#8211; 1975<\/span><\/td>\n<\/tr>\n<tr>\n<td><span lang=\"de-DE\"><u>Sicherheitsbeauftragter<\/u><\/span><\/p>\n<p><span lang=\"de-DE\">Lasse Petersen 2016 &#8211; <\/span><\/p>\n<p><span lang=\"de-DE\">Claus Schwaberau 1995 &#8211; 2016<\/span><\/td>\n<td><span lang=\"de-DE\"><u>Schriftf\u00fchrer<\/u><\/span><\/p>\n<p>Ben Soyka 2023 &#8211;<\/p>\n<p><span lang=\"de-DE\">Hauke Meyer 2016 &#8211; 2023<\/span><\/p>\n<p><span lang=\"de-DE\">Wolfgang Penzkofer 2010 &#8211; 2016<\/span><\/p>\n<p><span lang=\"de-DE\">G\u00fcnther Reimers 1995 &#8211; 2010<\/span><\/td>\n<\/tr>\n<tr>\n<td><span lang=\"de-DE\"><u>Kassenwart<\/u><\/span><\/p>\n<p><span lang=\"de-DE\">Martin Hohensee 2009 &#8211; <\/span><\/p>\n<p><span lang=\"de-DE\">Ralf B\u00f6tcher 1998 &#8211; 2009<\/span><\/p>\n<p><span lang=\"de-DE\">Gerhard Keul 1974 &#8211; 1998<\/span><\/td>\n<td><span lang=\"de-DE\"><u>Atemschutzwart:<br \/>\n<\/u><\/span>Sebastian Bellmann 2025-Michael Blanke 2025- 2019<span lang=\"de-DE\">J\u00f6rg Meyer 2014 &#8211; 2019<\/span><span lang=\"de-DE\">Harm Schmanns 2010 &#8211; 2014<\/span><span lang=\"de-DE\">Lasse Petersen 2007 &#8211; 2010<\/span><span lang=\"de-DE\">Kathrin S\u00f6hl 2001 &#8211; 2007<\/span><\/td>\n<\/tr>\n<tr>\n<td><span lang=\"de-DE\"><u>Kinderfeuerwehrwartin<\/u><\/span><\/p>\n<p>Judith Bolongino 2022 &#8211;<\/p>\n<p><span lang=\"de-DE\">Kathrin S\u00f6hl 2007 &#8211; 2021<\/span><\/td>\n<td><\/td>\n<\/tr>\n<\/tbody>\n<\/table>\n","protected":false},"excerpt":{"rendered":"<p>Anschrift Feuerwehrhaus Barskamper Weg 4 21368 Dahlem\/OT Harmstorf Ortsbrandmeister Stellv.Ortsbrandmeister Christian H\u00fcppe \u00a0Reiner Keul\u00a0 und Sebastian Bellmann Email:<\/p>\n","protected":false},"author":1,"featured_media":1757,"parent":13,"menu_order":0,"comment_status":"closed","ping_status":"closed","template":"","meta":{"footnotes":""},"class_list":["post-160","page","type-page","status-publish","has-post-thumbnail","hentry"],"_links":{"self":[{"href":"https:\/\/florian-dahlenburg.de\/index.php?rest_route=\/wp\/v2\/pages\/160","targetHints":{"allow":["GET"]}}],"collection":[{"href":"https:\/\/florian-dahlenburg.de\/index.php?rest_route=\/wp\/v2\/pages"}],"about":[{"href":"https:\/\/florian-dahlenburg.de\/index.php?rest_route=\/wp\/v2\/types\/page"}],"author":[{"embeddable":true,"href":"https:\/\/florian-dahlenburg.de\/index.php?rest_route=\/wp\/v2\/users\/1"}],"replies":[{"embeddable":true,"href":"https:\/\/florian-dahlenburg.de\/index.php?rest_route=%2Fwp%2Fv2%2Fcomments&post=160"}],"version-history":[{"count":20,"href":"https:\/\/florian-dahlenburg.de\/index.php?rest_route=\/wp\/v2\/pages\/160\/revisions"}],"predecessor-version":[{"id":5233,"href":"https:\/\/florian-dahlenburg.de\/index.php?rest_route=\/wp\/v2\/pages\/160\/revisions\/5233"}],"up":[{"embeddable":true,"href":"https:\/\/florian-dahlenburg.de\/index.php?rest_route=\/wp\/v2\/pages\/13"}],"wp:featuredmedia":[{"embeddable":true,"href":"https:\/\/florian-dahlenburg.de\/index.php?rest_route=\/wp\/v2\/media\/1757"}],"wp:attachment":[{"href":"https:\/\/florian-dahlenburg.de\/index.php?rest_route=%2Fwp%2Fv2%2Fmedia&parent=160"}],"curies":[{"name":"wp","href":"https:\/\/api.w.org\/{rel}","templated":true}]}}