{"id":162,"date":"2017-12-21T10:37:07","date_gmt":"2017-12-21T10:37:07","guid":{"rendered":"http:\/\/sgfeuerwehr.florian-dahlenburg.de\/?page_id=162"},"modified":"2025-01-10T12:12:35","modified_gmt":"2025-01-10T12:12:35","slug":"lemgrabe-dumstorf","status":"publish","type":"page","link":"https:\/\/florian-dahlenburg.de\/?page_id=162","title":{"rendered":"Lemgrabe- Dumstorf"},"content":{"rendered":"<table>\n<tbody>\n<tr>\n<td colspan=\"2\"><strong>Anschrift Feuerwehrhaus<\/strong><\/td>\n<\/tr>\n<tr>\n<td colspan=\"2\">Am Hasenberg<br \/>\n<span class=\"_Xbe\">21368 Dahlenburg OT Lemgrabe<br \/>\n<\/span><\/td>\n<\/tr>\n<tr>\n<td><strong>Ortsbrandmeister<\/strong><\/td>\n<td><strong>Stellv.<\/strong> <strong>Ortsbrandmeister<\/strong><\/td>\n<\/tr>\n<tr>\n<td>\n<p style=\"text-align: center;\">Andreas Schultz<\/p>\n<\/td>\n<td>\n<p style=\"text-align: center;\">Holger Meyer<\/p>\n<\/td>\n<\/tr>\n<tr>\n<td style=\"text-align: center;\" colspan=\"2\">Email: lemgrabe-dumstorf(at)florian-dahlenburg.de<\/td>\n<\/tr>\n<\/tbody>\n<\/table>\n<p>&nbsp;<\/p>\n<p style=\"text-align: center;\"><strong>Feuerwehr mit Grundausstattung<\/strong><\/p>\n<p style=\"text-align: center;\">Anzahl Mitglieder Einsatzabteilung: 41<br \/>\nAnzahl Mitglieder JF \/ KF: 25<br \/>\nAnzahl Mitglieder Altersabteilung: 17<br \/>\n(Stand:21.12.24)<\/p>\n<p>Die Freiwillige Feuerwehr Lemgrabe wurde 1902 gegr\u00fcndet. Zum Anla\u00df dieser Gr\u00fcndung kam es durch einen Brand eines Hofes in Lemgrabe.<br \/>\n62 Jahre sp\u00e4ter, im Jahr 1964, fusionierten die Lemgraber Brandsch\u00fctzer mit den Dumstorfern Brandsch\u00fctzern zu der noch heute bestehenden Freiwilligen Feuerwehr Lemgrabe-Dumstorf. Der Gemeinderat hatte es aus finanziellen Gr\u00fcnden beschlossen keine 2 Feuerwehren mehr zu unterhalten.<br \/>\nDie Freiwillige Feuerwehr Lemgrabe-Dumstorf hat z.Zt. 41 aktive Mitglieder und wird durchschnittlich zu 15 Eins\u00e4tzen im Jahr gerufen.<br \/>\nSeit 1975 gibt es eine Jugendfeuerwehr und seit 2010 sogar eine Kinderfeuerwehr, wovon man in den letzten Jahren stark an Personal f\u00fcr die aktive Wehr profitierte.<br \/>\nDie Freiwillige Feuerwehr Lemgrabe-Dumstorf verf\u00fcgt \u00fcber 3 Einsatzfahrzeuge,ein MTF, ein TSF-W und ein TLF 8W. Dadurch wird man auch immer wieder zu besonderen Aufgaben gerufen, wie z.B. zu gr\u00f6\u00dferen Waldbrandeins\u00e4tzen.<br \/>\nDas Einsatzgebiet der Lemgraber-Dumstorfer Wehr ist vielf\u00e4ltig gepr\u00e4gt. Das Waldgebiet rundum Dumstorf, Eimstorf und Lemgrabe sowie die Landesstra\u00dfe 232 und nat\u00fcrlich das Gewerbegebiet Bahnhof Dahlenburg mit den landwirtschaftlichen Gewerbebetrieben der Firmen RWG ( ehemals Saatbau ) und Landhandel Peters ( ehemals Petersen KG ) umfasst die haupts\u00e4chliche Beanspruchung der freiwilligen Kameradinnen\/Kameraden.<br \/>\nImmer wieder wird die Freiwillige Feuerwehr Lemgrabe-Dumstorf auch zu Eins\u00e4tzen au\u00dferhalb ihres Einsatzgebietes gerufen, z.B. zur Unterst\u00fctzung der Nachbarwehr Dahlenburg zum gr\u00f6\u00dften Arbeitgeber der Region der Firma D\u00f6hler ( ehemals Molda ) oder sogar im angrenzenden Nachbarkreis Uelzen wurden des \u00d6fteren schon Wald- bzw. Stoppelfeldbr\u00e4nde gel\u00f6scht.<\/p>\n<h5><span style=\"color: #ff0000;\">Fahrzeuge<\/span><\/h5>\n<pre><img loading=\"lazy\" decoding=\"async\" class=\"size-medium wp-image-716 aligncenter\" src=\"http:\/\/sgfeuerwehr.florian-dahlenburg.de\/wp-content\/uploads\/2019\/01\/TSF-W-FF-Lemgrabe-Dumstorf-300x183.jpg\" alt=\"\" width=\"300\" height=\"183\" srcset=\"https:\/\/florian-dahlenburg.de\/wp-content\/uploads\/2019\/01\/TSF-W-FF-Lemgrabe-Dumstorf-300x183.jpg 300w, https:\/\/florian-dahlenburg.de\/wp-content\/uploads\/2019\/01\/TSF-W-FF-Lemgrabe-Dumstorf.jpg 754w\" sizes=\"auto, (max-width: 300px) 100vw, 300px\" \/><\/pre>\n<p style=\"text-align: center;\"><strong>Funkrufname<\/strong> Florian L\u00fcneburg 16-41-30<br \/>\n<strong>Modell: <\/strong>MAN<br \/>\n<strong>Baujahr <\/strong>2005<br \/>\n<strong>Motorleistung <\/strong>150 PS Diesel<br \/>\n<strong>zul. Gesamtgewicht <\/strong>7,49 to<\/p>\n<p>&nbsp;<\/p>\n<pre><a href=\"https:\/\/florian-dahlenburg.de\/?attachment_id=3802\" rel=\"attachment wp-att-3802\"><img loading=\"lazy\" decoding=\"async\" class=\"wp-image-3802 aligncenter\" src=\"http:\/\/florian-dahlenburg.de\/wp-content\/uploads\/2024\/04\/230618HL131-1024x680.jpeg\" alt=\"\" width=\"300\" height=\"199\" srcset=\"https:\/\/florian-dahlenburg.de\/wp-content\/uploads\/2024\/04\/230618HL131-1024x680.jpeg 1024w, https:\/\/florian-dahlenburg.de\/wp-content\/uploads\/2024\/04\/230618HL131-300x199.jpeg 300w, https:\/\/florian-dahlenburg.de\/wp-content\/uploads\/2024\/04\/230618HL131-768x510.jpeg 768w, https:\/\/florian-dahlenburg.de\/wp-content\/uploads\/2024\/04\/230618HL131.jpeg 1280w\" sizes=\"auto, (max-width: 300px) 100vw, 300px\" \/><\/a><\/pre>\n<p style=\"text-align: center;\"><strong>Funkrufname<\/strong> Florian L\u00fcneburg 16-20-30<br \/>\n<strong>Modell: <\/strong>Mercedes- Benz Unimog 1300L<br \/>\n<strong>Baujahr <\/strong>1980<br \/>\n<strong>Motorleistung <\/strong>130PS Diesel<br \/>\n<strong>zul. Gesamtgewicht <\/strong>7,49 to<strong><br \/>\n<\/strong><\/p>\n<p>&nbsp;<\/p>\n<pre><img loading=\"lazy\" decoding=\"async\" class=\"aligncenter wp-image-2421\" src=\"http:\/\/sgfeuerwehr.florian-dahlenburg.de\/wp-content\/uploads\/2022\/05\/Lemgrabe-Dumstorf-MTW.jpg\" alt=\"\" width=\"297\" height=\"216\" srcset=\"https:\/\/florian-dahlenburg.de\/wp-content\/uploads\/2022\/05\/Lemgrabe-Dumstorf-MTW.jpg 1274w, https:\/\/florian-dahlenburg.de\/wp-content\/uploads\/2022\/05\/Lemgrabe-Dumstorf-MTW-300x218.jpg 300w, https:\/\/florian-dahlenburg.de\/wp-content\/uploads\/2022\/05\/Lemgrabe-Dumstorf-MTW-1024x745.jpg 1024w, https:\/\/florian-dahlenburg.de\/wp-content\/uploads\/2022\/05\/Lemgrabe-Dumstorf-MTW-768x559.jpg 768w\" sizes=\"auto, (max-width: 297px) 100vw, 297px\" \/><\/pre>\n<p style=\"text-align: center;\"><strong>Funkrufname<\/strong> Florian L\u00fcneburg <span data-olk-copy-source=\"MessageBody\">16-17-30<br \/>\n<\/span><strong>Modell: <\/strong>Ford Transit Custom<br \/>\n<strong>Baujahr<\/strong> 2021<\/p>\n<h3>Funktionen<\/h3>\n<table>\n<tbody>\n<tr>\n<td><u>OrtsBM:<\/u><\/p>\n<p>Andreas Schultz<\/td>\n<td><u>Stellv. OrtsBM<\/u><\/p>\n<p>Holger Meyer<\/td>\n<\/tr>\n<tr>\n<td colspan=\"2\"><u>Funktionstr\u00e4ger der Ortsfeuerwehr<\/u><\/td>\n<\/tr>\n<tr>\n<td><u>Gruppenf\u00fchrer<\/u><\/p>\n<p><span data-olk-copy-source=\"MessageBody\">Nils Meyer<\/span><\/td>\n<td><u>Stellv. Gruppenf\u00fchrer<br \/>\n<\/u><span data-olk-copy-source=\"MessageBody\"> Jirka Schultz<\/span><\/td>\n<\/tr>\n<tr>\n<td><u>Schriftf\u00fchrer<\/u><\/p>\n<p><span data-olk-copy-source=\"MessageBody\">Stefan Brandenburger<\/span><\/td>\n<td><u>Sicherheitsbeauftragter<\/u><\/p>\n<p><span data-olk-copy-source=\"MessageBody\">Florian Meyer<\/span><\/td>\n<\/tr>\n<tr>\n<td>Ger\u00e4tewart<\/p>\n<p>Oliver Oblinger<\/td>\n<td><u>Atemschutzwart:<\/u><\/p>\n<p>Olaf Niebuhr<\/td>\n<\/tr>\n<tr>\n<td>Kinderfeuerwehrwart<\/p>\n<p>Ulrike Meyer-Pernak<\/td>\n<td><\/td>\n<\/tr>\n<tr>\n<td><u>Jugendfeuerwehrwartin:<\/u><\/p>\n<p><span data-olk-copy-source=\"MessageBody\">Till Bendorf<\/span><\/td>\n<td><u>Stellv. Jugendfeuerwehrwart<\/u><\/p>\n<p><span data-olk-copy-source=\"MessageBody\">Fabian Pahl<\/span><\/td>\n<\/tr>\n<\/tbody>\n<\/table>\n","protected":false},"excerpt":{"rendered":"<p>Anschrift Feuerwehrhaus Am Hasenberg 21368 Dahlenburg OT Lemgrabe Ortsbrandmeister Stellv. Ortsbrandmeister Andreas Schultz Holger Meyer Email: lemgrabe-dumstorf(at)florian-dahlenburg.de &nbsp;<\/p>\n","protected":false},"author":1,"featured_media":4463,"parent":13,"menu_order":0,"comment_status":"closed","ping_status":"closed","template":"","meta":{"footnotes":""},"class_list":["post-162","page","type-page","status-publish","has-post-thumbnail","hentry"],"_links":{"self":[{"href":"https:\/\/florian-dahlenburg.de\/index.php?rest_route=\/wp\/v2\/pages\/162","targetHints":{"allow":["GET"]}}],"collection":[{"href":"https:\/\/florian-dahlenburg.de\/index.php?rest_route=\/wp\/v2\/pages"}],"about":[{"href":"https:\/\/florian-dahlenburg.de\/index.php?rest_route=\/wp\/v2\/types\/page"}],"author":[{"embeddable":true,"href":"https:\/\/florian-dahlenburg.de\/index.php?rest_route=\/wp\/v2\/users\/1"}],"replies":[{"embeddable":true,"href":"https:\/\/florian-dahlenburg.de\/index.php?rest_route=%2Fwp%2Fv2%2Fcomments&post=162"}],"version-history":[{"count":20,"href":"https:\/\/florian-dahlenburg.de\/index.php?rest_route=\/wp\/v2\/pages\/162\/revisions"}],"predecessor-version":[{"id":4484,"href":"https:\/\/florian-dahlenburg.de\/index.php?rest_route=\/wp\/v2\/pages\/162\/revisions\/4484"}],"up":[{"embeddable":true,"href":"https:\/\/florian-dahlenburg.de\/index.php?rest_route=\/wp\/v2\/pages\/13"}],"wp:featuredmedia":[{"embeddable":true,"href":"https:\/\/florian-dahlenburg.de\/index.php?rest_route=\/wp\/v2\/media\/4463"}],"wp:attachment":[{"href":"https:\/\/florian-dahlenburg.de\/index.php?rest_route=%2Fwp%2Fv2%2Fmedia&parent=162"}],"curies":[{"name":"wp","href":"https:\/\/api.w.org\/{rel}","templated":true}]}}