{"id":167,"date":"2017-12-21T10:37:08","date_gmt":"2017-12-21T10:37:08","guid":{"rendered":"http:\/\/sgfeuerwehr.florian-dahlenburg.de\/?page_id=167"},"modified":"2025-04-27T06:10:13","modified_gmt":"2025-04-27T06:10:13","slug":"tosterglope","status":"publish","type":"page","link":"https:\/\/florian-dahlenburg.de\/?page_id=167","title":{"rendered":"Tosterglope"},"content":{"rendered":"<table>\n<tbody>\n<tr>\n<td colspan=\"2\"><strong>Anschrift Feuerwehrhaus<\/strong><\/td>\n<\/tr>\n<tr>\n<td colspan=\"2\">K\u00f6hlinger Weg<br \/>\n21371 Tosterglope<\/td>\n<\/tr>\n<tr>\n<td><strong>Ortsbrandmeister<\/strong><\/td>\n<td><strong>Stellv.Ortsbrandmeister<\/strong><\/td>\n<\/tr>\n<tr>\n<td>Oliver Tege<\/td>\n<td>Hanns-Morten Noske<\/td>\n<\/tr>\n<tr>\n<td style=\"text-align: center;\" colspan=\"2\">Email: tosterglope(at)florian-dahlenburg.de<\/td>\n<\/tr>\n<\/tbody>\n<\/table>\n<h5><span style=\"color: #ff0000;\">Fahrzeug<\/span><\/h5>\n<pre><img loading=\"lazy\" decoding=\"async\" class=\"aligncenter wp-image-1288\" src=\"http:\/\/sgfeuerwehr.florian-dahlenburg.de\/wp-content\/uploads\/2019\/10\/FF-Tosterglope-LF-10.jpg\" alt=\"\" width=\"555\" height=\"346\" srcset=\"https:\/\/florian-dahlenburg.de\/wp-content\/uploads\/2019\/10\/FF-Tosterglope-LF-10.jpg 755w, https:\/\/florian-dahlenburg.de\/wp-content\/uploads\/2019\/10\/FF-Tosterglope-LF-10-300x187.jpg 300w\" sizes=\"auto, (max-width: 555px) 100vw, 555px\" \/><\/pre>\n<p style=\"text-align: center;\"><strong>Funkrufname<\/strong> Florian L\u00fcneburg 16-45-22<\/p>\n<p style=\"text-align: center;\"><strong>Modell <\/strong>MAN TGM 13.290<\/p>\n<p style=\"text-align: center;\"><strong>Aufbau <\/strong>Magirus EC-Line<\/p>\n<p style=\"text-align: center;\"><strong>Baujahr <\/strong>2019<strong><br \/>\n<\/strong><\/p>\n<p style=\"text-align: center;\"><strong>Motorleistung:<\/strong> 290 PS<strong><br \/>\n<\/strong><\/p>\n<p style=\"text-align: center;\"><strong>zul. Gesamtgewicht: <\/strong>14000 kg<strong><br \/>\n<\/strong><\/p>\n<p>&nbsp;<\/p>\n<p>Das L\u00f6schfahrzeug ist f\u00fcr die Brandbek\u00e4mpfung und technische Hilfeleistung kleineren Umfangs ausger\u00fcstet.<\/p>\n<p><strong>Technische Ausstattung:<\/strong><br \/>\n&#8211; Pumpe: FPN 10\/2000 Magirus<br \/>\n&#8211; Tank: 1200 Liter Wasser<br \/>\n&#8211; Tragkraftspritze: PFPN 8\/8 Rosenbauer Baujahr 1994<br \/>\n&#8211; Pneumatischer Lichtmast 2,2 Meter &#8211; R\u00fcckfahrkamera<br \/>\n&#8211; Heckwarneinrichtung<br \/>\n&#8211; Hygieneboard<br \/>\n&#8211; Schnellangriffs C-Schlauch 30 M in Buchten<br \/>\n&#8211; Vierteilige Steckleiter<br \/>\n&#8211; Schornsteinfegerwerkzeug<br \/>\n&#8211; Elektr. S\u00e4bels\u00e4ge<br \/>\n&#8211; Endress Notstromaggregat 9kVA<br \/>\n&#8211; Spineboard<br \/>\n&#8211; ABC-Pulver- und CO2-L\u00f6scher<br \/>\n&#8211; Atemschutznotfalltasche<br \/>\n&#8211; Druckbel\u00fcfter<\/p>\n<p>&nbsp;<\/p>\n<h5><span style=\"color: #ff0000;\">History<\/span><\/h5>\n<p>&nbsp;<\/p>\n<header class=\"entry-header\"><em><strong>Die Freiwillige Feuerwehr Tosterglope<\/strong><\/em><\/header>\n<div class=\"entry-content\">\n<p>Feuerwehr Tosterglope\/K\u00f6hlingen gegr\u00fcndet 1894<\/p>\n<p>Im Jahre 1893 stellten die Ortvorsteher\/ B\u00fcrgermeister Wilhelm Saucke aus Tosterglope und Johann Friedrich L\u00fctjens aus K\u00f6hlingen beim k\u00f6niglichem Landratsamt in Bleckede den Antrag der Gr\u00fcndung einer freiwilligen Feuerwehr Tosterglope\/ K\u00f6hlingen. Dieses wurde nach dem Reichsstrafgesetzbuch im Rahmen des L\u00f6schwesens und als Schutzwehr anerkannt.<\/p>\n<p>Am 09.09.1894 trafen sich einige M\u00e4nner aus der Tostergloper und K\u00f6hlinger Dorfschaft, um eine Feuerwehr (Tosterglope- K\u00f6hlingen) zu gr\u00fcnden. Nach der Feuerschutz \u2013 Verordnung f\u00fcr das F\u00fcrstentum L\u00fcneburg, die Georg V., K\u00f6nig von Hannover, im Jahre 1865 erlassen hatte, waren die m\u00e4nnlichen Einwohner im Alter von 18 bis 60 Jahren verpflichtet, im Falle eines Feuers bei dessen Bek\u00e4mpfung zu helfen. In jedem Haushalt mussten eine Feuerleiter, ein Feuerhaken und ein L\u00f6scheimer vorhanden sein.<br \/>\nDie Erinnerungen an den gro\u00dfen Brand vom 14. Oktober 1882 waren in den K\u00f6pfen der M\u00e4nner noch sehr lebendig. Bei diesem Brand, der aus unerkl\u00e4rlichen Gr\u00fcnden entstanden sein soll, wurden 14 Geb\u00e4ude vernichtet. Im Einsatz kamen sieben Feuerspritzen der umliegenden Ortschaften. Tosterglope hatte in dieser Zeit noch keine eigene Wehr.<br \/>\nDie Wehren aus Dahlenburg, Ellringen und Barskamp brauchten mit ihren Spritzen zu lange, da man erst die Pferde vom Felde holen musste und die M\u00e4nner erst mit dem Signalhorn zusammengetrommelt werden mussten.<br \/>\nDieses waren einige gewichtige Gr\u00fcnde, um in Tosterglope selbst eine eigene Wehr aufzubauen. Auch die Geselligkeit kam nat\u00fcrlich bei den Kameraden nicht zu kurz, denn wenn sich die Wehr mal zu Bier und Schnaps und zum K\u00e4se essen trafen, waren die N\u00e4chte oft sehr kurz.<\/p>\n<p><a href=\"http:\/\/tosterglope-history.de\/vereine\/die-freiwillige-feuerwehr-tosterglope\/\">weiterlesen&#8230; <\/a><\/p>\n<\/div>\n<p style=\"text-align: right;\"><strong>Verantwortlich: <\/strong>Volker Weber<strong><br \/>\n<\/strong><\/p>\n","protected":false},"excerpt":{"rendered":"<p>Anschrift Feuerwehrhaus K\u00f6hlinger Weg 21371 Tosterglope Ortsbrandmeister Stellv.Ortsbrandmeister Oliver Tege Hanns-Morten Noske Email: tosterglope(at)florian-dahlenburg.de Fahrzeug Funkrufname Florian L\u00fcneburg<\/p>\n","protected":false},"author":1,"featured_media":1291,"parent":13,"menu_order":0,"comment_status":"closed","ping_status":"closed","template":"","meta":{"footnotes":""},"class_list":["post-167","page","type-page","status-publish","has-post-thumbnail","hentry"],"_links":{"self":[{"href":"https:\/\/florian-dahlenburg.de\/index.php?rest_route=\/wp\/v2\/pages\/167","targetHints":{"allow":["GET"]}}],"collection":[{"href":"https:\/\/florian-dahlenburg.de\/index.php?rest_route=\/wp\/v2\/pages"}],"about":[{"href":"https:\/\/florian-dahlenburg.de\/index.php?rest_route=\/wp\/v2\/types\/page"}],"author":[{"embeddable":true,"href":"https:\/\/florian-dahlenburg.de\/index.php?rest_route=\/wp\/v2\/users\/1"}],"replies":[{"embeddable":true,"href":"https:\/\/florian-dahlenburg.de\/index.php?rest_route=%2Fwp%2Fv2%2Fcomments&post=167"}],"version-history":[{"count":12,"href":"https:\/\/florian-dahlenburg.de\/index.php?rest_route=\/wp\/v2\/pages\/167\/revisions"}],"predecessor-version":[{"id":4727,"href":"https:\/\/florian-dahlenburg.de\/index.php?rest_route=\/wp\/v2\/pages\/167\/revisions\/4727"}],"up":[{"embeddable":true,"href":"https:\/\/florian-dahlenburg.de\/index.php?rest_route=\/wp\/v2\/pages\/13"}],"wp:featuredmedia":[{"embeddable":true,"href":"https:\/\/florian-dahlenburg.de\/index.php?rest_route=\/wp\/v2\/media\/1291"}],"wp:attachment":[{"href":"https:\/\/florian-dahlenburg.de\/index.php?rest_route=%2Fwp%2Fv2%2Fmedia&parent=167"}],"curies":[{"name":"wp","href":"https:\/\/api.w.org\/{rel}","templated":true}]}}