{"id":20,"date":"2017-12-15T19:15:24","date_gmt":"2017-12-15T19:15:24","guid":{"rendered":"http:\/\/sgfeuerwehr.florian-dahlenburg.de\/?page_id=20"},"modified":"2025-06-17T18:57:53","modified_gmt":"2025-06-17T18:57:53","slug":"kinderfeuerwehr","status":"publish","type":"page","link":"https:\/\/florian-dahlenburg.de\/?page_id=20","title":{"rendered":"Kinderfeuerwehr"},"content":{"rendered":"<p><a href=\"https:\/\/florian-dahlenburg.de\/?attachment_id=861\" rel=\"attachment wp-att-861\"><img loading=\"lazy\" decoding=\"async\" class=\" wp-image-861 alignright\" src=\"http:\/\/florian-dahlenburg.de\/wp-content\/uploads\/2019\/03\/Logo_NKF_variabel.jpg\" alt=\"\" width=\"206\" height=\"262\" srcset=\"https:\/\/florian-dahlenburg.de\/wp-content\/uploads\/2019\/03\/Logo_NKF_variabel.jpg 336w, https:\/\/florian-dahlenburg.de\/wp-content\/uploads\/2019\/03\/Logo_NKF_variabel-236x300.jpg 236w\" sizes=\"auto, (max-width: 206px) 100vw, 206px\" \/><\/a><\/p>\n<p>Gemeindekinderfeuerwehrwart<\/p>\n<p>Jan-Peter Derrer (Feuerwehr Tosterglope)<\/p>\n<p>E-Mail Kinderfeuerwehr(at)florian-dahlenburg.de<\/p>\n<p><strong><em>(at) in der E-Mail Adresse durch @ ersetzen!<\/em><\/strong><\/p>\n<p>&nbsp;<\/p>\n<p>&nbsp;<\/p>\n<p>Die Kinderfeuerwehren sind der j\u00fcngste Spross der Feuerwehren. In Niedersachsen hat der Landesfeuerwehrverband der Nieders\u00e4chsischen Jugendfeuerwehr die Aufgabe \u00fcbertragen, ein ansprechendes Angebot f\u00fcr Kinder ab sechs Jahren zu gestalten. Nicht in erster Linie Feuerwehrtechnik, sondern vielmehr Spiel und Spa\u00df sowie der richtige Umgang mit Gefahren im Alltag stehen auf dem Dienstplan. Dabei ist die Arbeit in den Kinderfeuerwehren nicht mit Brandschutzerziehung zu verwechseln. Das Angebot f\u00fcr die Kinder kommt auch mal ganz ohne Blaulichter und spektakul\u00e4re Feuer-Vorf\u00fchrungen aus. Gemeinsame Bastelnachmittage, Verkehrserziehung und Ballspiele geh\u00f6ren ebenso dazu wie Ausflugsfahrten und die Erkundung des n\u00e4chsten Waldst\u00fccks.<br \/>\nQuelle njf.de<\/p>\n","protected":false},"excerpt":{"rendered":"<p>Gemeindekinderfeuerwehrwart Jan-Peter Derrer (Feuerwehr Tosterglope) E-Mail Kinderfeuerwehr(at)florian-dahlenburg.de (at) in der E-Mail Adresse durch @ ersetzen! &nbsp; &nbsp; Die<\/p>\n","protected":false},"author":1,"featured_media":0,"parent":0,"menu_order":0,"comment_status":"closed","ping_status":"closed","template":"","meta":{"footnotes":""},"class_list":["post-20","page","type-page","status-publish","hentry"],"_links":{"self":[{"href":"https:\/\/florian-dahlenburg.de\/index.php?rest_route=\/wp\/v2\/pages\/20","targetHints":{"allow":["GET"]}}],"collection":[{"href":"https:\/\/florian-dahlenburg.de\/index.php?rest_route=\/wp\/v2\/pages"}],"about":[{"href":"https:\/\/florian-dahlenburg.de\/index.php?rest_route=\/wp\/v2\/types\/page"}],"author":[{"embeddable":true,"href":"https:\/\/florian-dahlenburg.de\/index.php?rest_route=\/wp\/v2\/users\/1"}],"replies":[{"embeddable":true,"href":"https:\/\/florian-dahlenburg.de\/index.php?rest_route=%2Fwp%2Fv2%2Fcomments&post=20"}],"version-history":[{"count":9,"href":"https:\/\/florian-dahlenburg.de\/index.php?rest_route=\/wp\/v2\/pages\/20\/revisions"}],"predecessor-version":[{"id":4860,"href":"https:\/\/florian-dahlenburg.de\/index.php?rest_route=\/wp\/v2\/pages\/20\/revisions\/4860"}],"wp:attachment":[{"href":"https:\/\/florian-dahlenburg.de\/index.php?rest_route=%2Fwp%2Fv2%2Fmedia&parent=20"}],"curies":[{"name":"wp","href":"https:\/\/api.w.org\/{rel}","templated":true}]}}