{"id":39,"date":"2017-12-15T19:20:49","date_gmt":"2017-12-15T19:20:49","guid":{"rendered":"http:\/\/sgfeuerwehr.florian-dahlenburg.de\/?page_id=39"},"modified":"2024-12-06T15:38:37","modified_gmt":"2024-12-06T15:38:37","slug":"dahlenburg","status":"publish","type":"page","link":"https:\/\/florian-dahlenburg.de\/?page_id=39","title":{"rendered":"JF Dahlenburg"},"content":{"rendered":"<p><strong>Ansprechpartner<\/strong><\/p>\n<p><em>Jugendfeuerwehrwart<\/em><br \/>\n<span style=\"color: #000080;\"><strong>Tobias Benecke<\/strong><\/span><\/p>\n<p>Kontakt: jf-dahlenburg(at)florian-dahlenburg.de<\/p>\n<p>&nbsp;<\/p>\n<p>Die Jugendfeuerwehr (JF) Dahlenburg gibt es bereits seit dem Jahr 1966. Die JF wurde von Jochen Albers und Dietrich Matzak geleitet. Im Jahr 1984 wurde der Jugendfeuerwehrdienst eingestellt. Am 01.02.1999 hat die Jugendfeuerwehr ihren Dienstbetrieb wieder aufgenommen. Es gab am 01.05.1999 eine Wiedergr\u00fcndungsfeier mit 26 Jugendlichen und Ihren Erziehungsberechtigten. Der Dienst ging gleich ein paar Tage sp\u00e4ter los. Es wurde zu vielen O-M\u00e4rschen und Nacht-O-M\u00e4rschen gefahren. Im Jahr 1999 wurde dann auch gleich Erfolgreich am Bezirkszeltlager teilgenommen. In den Folgenden Jahren haben wir an den Kreiszeltlagern und Bezirkszeltlagern teilgenommen. In den Jahren sind die Jugendlichen der Wiedergr\u00fcndungsfeier so alt geworden, dass Sie heute bei den aktiven ihren Dienst verrichten.\u00a0Zwei von ihnen betreuen heute sogar die Jugendlichen. Bevor die Jugendlichen zu den aktiven \u00fcbergetreten sind haben fast alle die Leistungsspange absolviert. Die Jugendfeuerwehr Dahlenburg nimmt an vielen Veranstaltungen der Kreisjugendfeuerwehr teil (Kreisjugendfeuerwehrtag, Delegiertenversammlung, Quizturnier und andere Angebote). In der Samtgemeinde Dahlenburg hat die JF eine Patenschaft \u00fcber die Betreuung der Spielpl\u00e4tze \u201cAuf der Heide\u201d und \u201d Am Mittelfeld\u201c. Auch in der Samtgemeinde nehmen die Jugendlichen an vielen Veranstaltungen teil. (M\u00fcllsammeltag, Vereinsunterst\u00fctzungen und vieles mehr) Wenn du 10 Jahre bist und Lust hast bei uns mit zu machen dann komme Montags zum Ger\u00e4tehaus der Feuerwehr Dahlenburg.<strong>Zur Zeit besteht die Jugendfeuerwehr Dahlenburg aus Jugendlichen der Feuerwehren Dahlenburg, Ellringen, Dahlem und Harmstorf.<\/strong><br \/>\n<u><strong>\u00dcbungszeit :<\/strong><\/u><\/p>\n<p><strong>Montag von 18:00- 19:30 Uhr<br \/>\n<\/strong><\/p>\n<p><a href=\"https:\/\/florian-dahlenburg.de\/?attachment_id=4286\" rel=\"attachment wp-att-4286\"><img loading=\"lazy\" decoding=\"async\" class=\"alignnone size-large wp-image-4286\" src=\"http:\/\/florian-dahlenburg.de\/wp-content\/uploads\/2024\/12\/Gruppenfoto-JF-Dahlenburg-1024x768.jpg\" alt=\"\" width=\"860\" height=\"645\" \/><\/a><\/p>\n<p style=\"text-align: center;\"><strong>Adresse:<\/strong> <strong>Bahnhofstra\u00dfe 18, 21368 Dahlenburg<\/strong><\/p>\n","protected":false},"excerpt":{"rendered":"<p>Ansprechpartner Jugendfeuerwehrwart Tobias Benecke Kontakt: jf-dahlenburg(at)florian-dahlenburg.de &nbsp; Die Jugendfeuerwehr (JF) Dahlenburg gibt es bereits seit dem Jahr 1966.<\/p>\n","protected":false},"author":1,"featured_media":4286,"parent":21,"menu_order":0,"comment_status":"closed","ping_status":"closed","template":"","meta":{"footnotes":""},"class_list":["post-39","page","type-page","status-publish","has-post-thumbnail","hentry"],"_links":{"self":[{"href":"https:\/\/florian-dahlenburg.de\/index.php?rest_route=\/wp\/v2\/pages\/39","targetHints":{"allow":["GET"]}}],"collection":[{"href":"https:\/\/florian-dahlenburg.de\/index.php?rest_route=\/wp\/v2\/pages"}],"about":[{"href":"https:\/\/florian-dahlenburg.de\/index.php?rest_route=\/wp\/v2\/types\/page"}],"author":[{"embeddable":true,"href":"https:\/\/florian-dahlenburg.de\/index.php?rest_route=\/wp\/v2\/users\/1"}],"replies":[{"embeddable":true,"href":"https:\/\/florian-dahlenburg.de\/index.php?rest_route=%2Fwp%2Fv2%2Fcomments&post=39"}],"version-history":[{"count":15,"href":"https:\/\/florian-dahlenburg.de\/index.php?rest_route=\/wp\/v2\/pages\/39\/revisions"}],"predecessor-version":[{"id":4288,"href":"https:\/\/florian-dahlenburg.de\/index.php?rest_route=\/wp\/v2\/pages\/39\/revisions\/4288"}],"up":[{"embeddable":true,"href":"https:\/\/florian-dahlenburg.de\/index.php?rest_route=\/wp\/v2\/pages\/21"}],"wp:featuredmedia":[{"embeddable":true,"href":"https:\/\/florian-dahlenburg.de\/index.php?rest_route=\/wp\/v2\/media\/4286"}],"wp:attachment":[{"href":"https:\/\/florian-dahlenburg.de\/index.php?rest_route=%2Fwp%2Fv2%2Fmedia&parent=39"}],"curies":[{"name":"wp","href":"https:\/\/api.w.org\/{rel}","templated":true}]}}