{"id":57,"date":"2017-12-15T19:33:10","date_gmt":"2017-12-15T19:33:10","guid":{"rendered":"http:\/\/sgfeuerwehr.florian-dahlenburg.de\/?page_id=57"},"modified":"2025-01-09T23:18:40","modified_gmt":"2025-01-09T23:18:40","slug":"gienau","status":"publish","type":"page","link":"https:\/\/florian-dahlenburg.de\/?page_id=57","title":{"rendered":"JF Gienau"},"content":{"rendered":"<p>Ansprechpartner<\/p>\n<p><em>Jugendfeuerwehrwart<\/em><br \/>\n<strong><span style=\"color: #000080;\">Tobias Gierke<\/span><\/strong><\/p>\n<p>Kontakt: jf-Gienau(at)florian-dahlenburg.de<\/p>\n<p>&nbsp;<\/p>\n<p>Die Jugendfeuerwehr Gienau besteht derzeit aus 16 aktiven M\u00e4dchen und Jungen im Alter zwischen 10-18 Jahren. Der Gruppendienst findet immer montags von 18:00 Uhr bis 19:00 Uhr im Feuerwehrhaus in Gienau statt. In den Ferien und an Feiertagen findet kein Dienst statt.<br \/>\nDie Quartalsdienstpl\u00e4ne werden immer sehr abwechslungsreich gestaltet. Die Themen reichen von Sport, Spiel, Werken, Umweltschutz, Erste Hilfe, DVD-Abend und nat\u00fcrlich der feuerwehrtechnischen Ausbildung.<br \/>\nZudem werden immer mal wieder kleinere Ausfl\u00fcge ins Kino, Schwimmbad, Feuerwehreinsatzleitstelle usw. durchgef\u00fchrt. Der Spa\u00df und die Freude in der Gemeinschaft stehen immer stets im Vordergrund.<br \/>\nDie Teilnahme an Veranstaltungen wie Orientierungsm\u00e4rschen, oder anderweitigen Wettk\u00e4mpfen ist keine Pflicht. Wird aber immer wieder gerne begeistert von den Jugendlichen wahrgenommen.<br \/>\nDie Jugendfeuerwehr wird vom F\u00f6rderverein der Frewilligen Feuerwehr Gienau finanziell unterst\u00fctzt. Einen monatlichen Mitgliedsbeitrag f\u00fcr die Jugendfeuerwehr wird nicht erhoben.<br \/>\nHaben wir Euer Interesse geweckt? Dann kommt vorbei und macht mit. Alle sind herzlich willkommen.<br \/>\nWeitere Infos &amp; Termine bei Jugendwart Tobias Gierke Tel.05851-944343.<\/p>\n<p>&nbsp;<\/p>\n<p><a href=\"https:\/\/florian-dahlenburg.de\/?attachment_id=4210\" rel=\"attachment wp-att-4210\"><img loading=\"lazy\" decoding=\"async\" class=\"alignnone size-large wp-image-4210\" src=\"http:\/\/florian-dahlenburg.de\/wp-content\/uploads\/2024\/11\/465167301_951028553724472_4376968902493292597_n-1024x680.jpg\" alt=\"\" width=\"860\" height=\"571\" \/><\/a><\/p>\n<p style=\"text-align: center;\"><strong><span class=\"GRkHZd w8qArf\">Adresse:\u00a0<\/span><span class=\"LrzXr\">Wiebecker Str. 4, 21368 Dahlenburg<\/span><\/strong><\/p>\n","protected":false},"excerpt":{"rendered":"<p>Ansprechpartner Jugendfeuerwehrwart Tobias Gierke Kontakt: jf-Gienau(at)florian-dahlenburg.de &nbsp; Die Jugendfeuerwehr Gienau besteht derzeit aus 16 aktiven M\u00e4dchen und Jungen<\/p>\n","protected":false},"author":1,"featured_media":4461,"parent":21,"menu_order":0,"comment_status":"closed","ping_status":"closed","template":"","meta":{"footnotes":""},"class_list":["post-57","page","type-page","status-publish","has-post-thumbnail","hentry"],"_links":{"self":[{"href":"https:\/\/florian-dahlenburg.de\/index.php?rest_route=\/wp\/v2\/pages\/57","targetHints":{"allow":["GET"]}}],"collection":[{"href":"https:\/\/florian-dahlenburg.de\/index.php?rest_route=\/wp\/v2\/pages"}],"about":[{"href":"https:\/\/florian-dahlenburg.de\/index.php?rest_route=\/wp\/v2\/types\/page"}],"author":[{"embeddable":true,"href":"https:\/\/florian-dahlenburg.de\/index.php?rest_route=\/wp\/v2\/users\/1"}],"replies":[{"embeddable":true,"href":"https:\/\/florian-dahlenburg.de\/index.php?rest_route=%2Fwp%2Fv2%2Fcomments&post=57"}],"version-history":[{"count":15,"href":"https:\/\/florian-dahlenburg.de\/index.php?rest_route=\/wp\/v2\/pages\/57\/revisions"}],"predecessor-version":[{"id":4292,"href":"https:\/\/florian-dahlenburg.de\/index.php?rest_route=\/wp\/v2\/pages\/57\/revisions\/4292"}],"up":[{"embeddable":true,"href":"https:\/\/florian-dahlenburg.de\/index.php?rest_route=\/wp\/v2\/pages\/21"}],"wp:featuredmedia":[{"embeddable":true,"href":"https:\/\/florian-dahlenburg.de\/index.php?rest_route=\/wp\/v2\/media\/4461"}],"wp:attachment":[{"href":"https:\/\/florian-dahlenburg.de\/index.php?rest_route=%2Fwp%2Fv2%2Fmedia&parent=57"}],"curies":[{"name":"wp","href":"https:\/\/api.w.org\/{rel}","templated":true}]}}