{"id":60,"date":"2017-12-15T19:33:11","date_gmt":"2017-12-15T19:33:11","guid":{"rendered":"http:\/\/sgfeuerwehr.florian-dahlenburg.de\/?page_id=60"},"modified":"2025-01-10T12:31:24","modified_gmt":"2025-01-10T12:31:24","slug":"informations-und-kommunikationsgruppe","status":"publish","type":"page","link":"https:\/\/florian-dahlenburg.de\/?page_id=60","title":{"rendered":"Informations- und Kommunikationsgruppe"},"content":{"rendered":"<p>Die Informations- und Kommunikationsgruppe (kurz: IuK- oder Komm-Gruppe) ist eine taktische Einheit der Feuerwehren der Samtgemeinde Dahlenburg.<\/p>\n<p>Die Erfahrungen aus (teils \u00fcberregionalen) Einsatzszenarien haben die Erkenntnis mit sich gebracht, dass es bei Gro\u00dfschadenslagen erforderlich ist, Fachpersonal f\u00fcr die Abwicklung des Sprechfunkverkehrs und zur Unterst\u00fctzung der Einsatzleitung zur Verf\u00fcgung zu haben.<\/p>\n<p>Gegr\u00fcndet wurde die Informations- und Kommunikationsgruppe im Jahr 2001 und war damit eine der ersten Fachgruppen dieser Art im Landkreis L\u00fcneburg. Bereits im ersten Jahr nach ihrer Gr\u00fcndung konnte sie ihre Schlagfertigkeit erfolgreich unter Beweis stellen: Im Jahr 2002 wurde im Zuge des Katastrophenalarms zum Hochwasser auf der Elbe eine \u00f6rtliche Einsatzleitung in der Schule in Neuhaus eingerichtet und von dort aus die Einsatzlage koordiniert. Die IuK-Gruppe der Samtgemeinde Dahlenburg war hier ma\u00dfgeblich beteiligt.<\/p>\n<p>Die Informations- und Kommunikationsgruppe wird aktuell von 14 Kameradinnen und Kameraden der Ortsfeuerwehren der Samtgemeinde Dahlenburg gebildet. Alle haben hierf\u00fcr im Zuge von Lehrg\u00e4ngen und Unterweisungen an der feuerwehrtechnischen Zentrale (FTZ) in Scharnebeck und\/oder der Nieders\u00e4chsischen Akademie f\u00fcr Brand- und Katastrophenschutz (NABK) in Celle Zusatzqualifikationen erworben. Weiterhin finden in Zusammenarbeit mit den Ortswehren und den benachbarten Kommunikationsgruppen regelm\u00e4\u00dfig \u00dcbungen statt. Somit sind alle Kameradinnen und Kameraden bestm\u00f6glich auf die zu erwartenden Anforderungen vorbereitet.<\/p>\n<p>Im \u00dcbungs- und Einsatzfall besetzt die Informations- und Kommunikationsgruppe den im Feuerwehrhaus Dahlenburg stationierten Einsatzleitwagen (ELW 1). Die Fachgruppe r\u00fcckt bei gr\u00f6\u00dferen Schadenslagen (mit mehr als vier alarmierten Ortsfeuerwehren) aus. Im Rahmen der Kreisfeuerwehrbereitschaft 1 (KFB I) unterst\u00fctzt die Informations- und Kommunikationsgruppe mit dem ELW 1, als F\u00fchrungsfahrzeug des Fachzuges \u201eWassertransport III\u201c, die dortige Arbeit.<\/p>\n<p>Des Weiteren wird die Kommunikationsgruppe im Katastropheneinsatz mit anderen Kommunikationsgruppen des Landkreises im Verbund mit der technischen Einsatzleitung (TEL) in der FTZ in Scharnebeck eingesetzt. Im Bedarfsfall, in der Regel bei starken Unwettern in Form von Sturm oder Schnee, richtet die Kommunikationsgruppe zur Entlastung der Kooperativen Leitstelle L\u00fcneburg (KLL) im Feuerwehrhaus Dahlenburg eine \u00f6rtliche Einsatzleitung ein und koordiniert von dort die Eins\u00e4tze in der Samtgemeinde Dahlenburg. Durchschnittlich wird eine zweistellige Zahl an Eins\u00e4tzen pro Jahr abgearbeitet.<\/p>\n<p>M\u00f6chten Sie mehr \u00fcber die Informations- und Kommunikationsfachgruppe erfahren oder haben Sie Interesse, die Arbeit Ihrer Feuerwehren in der Samtgemeinde Dahlenburg bzw. Ihrer Ortswehr aktiv oder passiv zu unterst\u00fctzen? Scheuen Sie sich nicht uns anzusprechen. Michael Kleckner, Gruppenf\u00fchrer der Informations- und Kommunikationsgruppe, steht Ihnen unter der E-Mail <span id=\"cloak16f0fe96f6b16649e3725e47c1157f99\"><a href=\"mailto:IuK@Florian-Dahlenburg.de\">IuK@Florian-Dahlenburg.de<\/a><\/span> sehr gerne zur Verf\u00fcgung<a href=\"https:\/\/florian-dahlenburg.de\/?attachment_id=600\" rel=\"attachment wp-att-600\"><img loading=\"lazy\" decoding=\"async\" class=\"alignnone size-full wp-image-600\" src=\"http:\/\/florian-dahlenburg.de\/wp-content\/uploads\/2018\/12\/IuK-Einsatzbeispiel.jpg\" alt=\"\" width=\"780\" height=\"381\" srcset=\"https:\/\/florian-dahlenburg.de\/wp-content\/uploads\/2018\/12\/IuK-Einsatzbeispiel.jpg 780w, https:\/\/florian-dahlenburg.de\/wp-content\/uploads\/2018\/12\/IuK-Einsatzbeispiel-300x147.jpg 300w, https:\/\/florian-dahlenburg.de\/wp-content\/uploads\/2018\/12\/IuK-Einsatzbeispiel-768x375.jpg 768w\" sizes=\"auto, (max-width: 780px) 100vw, 780px\" \/><\/a><\/p>\n<p><strong>Ansprechpartner<\/strong><\/p>\n<p>Leitung: Johannes Schl\u00fcter<\/p>\n<p>Stellvertreter: Tobias Benecke und Christian K\u00f6rte<\/p>\n<p>Kontakt: <span id=\"cloak16f0fe96f6b16649e3725e47c1157f99\"><a href=\"mailto:IuK@Florian-Dahlenburg.de\">IuK@Florian-Dahlenburg.de<\/a><\/span><\/p>\n","protected":false},"excerpt":{"rendered":"<p>Die Informations- und Kommunikationsgruppe (kurz: IuK- oder Komm-Gruppe) ist eine taktische Einheit der Feuerwehren der Samtgemeinde Dahlenburg. Die<\/p>\n","protected":false},"author":1,"featured_media":600,"parent":0,"menu_order":0,"comment_status":"closed","ping_status":"closed","template":"","meta":{"footnotes":""},"class_list":["post-60","page","type-page","status-publish","has-post-thumbnail","hentry"],"_links":{"self":[{"href":"https:\/\/florian-dahlenburg.de\/index.php?rest_route=\/wp\/v2\/pages\/60","targetHints":{"allow":["GET"]}}],"collection":[{"href":"https:\/\/florian-dahlenburg.de\/index.php?rest_route=\/wp\/v2\/pages"}],"about":[{"href":"https:\/\/florian-dahlenburg.de\/index.php?rest_route=\/wp\/v2\/types\/page"}],"author":[{"embeddable":true,"href":"https:\/\/florian-dahlenburg.de\/index.php?rest_route=\/wp\/v2\/users\/1"}],"replies":[{"embeddable":true,"href":"https:\/\/florian-dahlenburg.de\/index.php?rest_route=%2Fwp%2Fv2%2Fcomments&post=60"}],"version-history":[{"count":9,"href":"https:\/\/florian-dahlenburg.de\/index.php?rest_route=\/wp\/v2\/pages\/60\/revisions"}],"predecessor-version":[{"id":4496,"href":"https:\/\/florian-dahlenburg.de\/index.php?rest_route=\/wp\/v2\/pages\/60\/revisions\/4496"}],"wp:featuredmedia":[{"embeddable":true,"href":"https:\/\/florian-dahlenburg.de\/index.php?rest_route=\/wp\/v2\/media\/600"}],"wp:attachment":[{"href":"https:\/\/florian-dahlenburg.de\/index.php?rest_route=%2Fwp%2Fv2%2Fmedia&parent=60"}],"curies":[{"name":"wp","href":"https:\/\/api.w.org\/{rel}","templated":true}]}}