{"id":63,"date":"2017-12-15T19:33:11","date_gmt":"2017-12-15T19:33:11","guid":{"rendered":"http:\/\/sgfeuerwehr.florian-dahlenburg.de\/?page_id=63"},"modified":"2018-09-21T19:02:17","modified_gmt":"2018-09-21T19:02:17","slug":"lemgrabe-dumstorf-2","status":"publish","type":"page","link":"https:\/\/florian-dahlenburg.de\/?page_id=63","title":{"rendered":"Lemgrabe- Dumstorf"},"content":{"rendered":"<p align=\"CENTER\">Kinderfeuerwehr Lemgrabe-Dumstorf<\/p>\n<p>&nbsp;<\/p>\n<p align=\"LEFT\">\u00a0Hallo liebe Kinder,<\/p>\n<p align=\"LEFT\">wir sind \u201eDie kleinen Brandmeister\u201c der Feuerwehr Lemgrabe-Dumstorf. Unsere Gruppe wurde am 30.01.2010 offiziell gegr\u00fcndet.<\/p>\n<p align=\"LEFT\">Zur Zeit sind vier Jungs und sieben M\u00e4dchen aus verschiedenen D\u00f6rfern dabei. Wir treffen uns einmal im Monat an einem Freitag um 15.00 Uhr und verbringen eine Stunde auf dem Gel\u00e4nde der Freiwilligen Feuerwehr Lemgrabe-Dumstorf. Der Termin wird immer bekannt gegeben.<\/p>\n<p align=\"LEFT\">Unsere Ziele sind haupts\u00e4chlich Spiele und Spa\u00df, ihr sollt aber auch die Feuerwehr, deren Aufgaben, Dienst und Ausr\u00fcstung kennenlernen.<\/p>\n<p align=\"LEFT\">Wir nehmen an Orientierungsm\u00e4rschen, Spiele ohne Grenzen und bei der Abnahme des Brandflohs teil. Der Brandfloh ist ein Abzeichen der Kinderfeuerwehr, bei denen die Kinder ab neun Jahren bei Spielen, Wissen und Teamf\u00e4higkeit ihr K\u00f6nnen unter Beweis stellen m\u00fcssen.<\/p>\n<p align=\"LEFT\">Wenn Ihr zwischen sechs und zehn Jahre alt seid, freuen wir uns auf euren Besuch und Ihr seid herzlich willkommen.<\/p>\n<p align=\"LEFT\">Ulrike Meyer-Pernak<\/p>\n<p align=\"LEFT\">Kinderfeuerwehrwartin der<\/p>\n<p align=\"LEFT\">Freiw. Feuerwehr Lemgrabe-Dumstorf<\/p>\n","protected":false},"excerpt":{"rendered":"<p>Kinderfeuerwehr Lemgrabe-Dumstorf &nbsp; \u00a0Hallo liebe Kinder, wir sind \u201eDie kleinen Brandmeister\u201c der Feuerwehr Lemgrabe-Dumstorf. Unsere Gruppe wurde am<\/p>\n","protected":false},"author":1,"featured_media":0,"parent":20,"menu_order":0,"comment_status":"closed","ping_status":"closed","template":"","meta":{"footnotes":""},"class_list":["post-63","page","type-page","status-publish","hentry"],"_links":{"self":[{"href":"https:\/\/florian-dahlenburg.de\/index.php?rest_route=\/wp\/v2\/pages\/63","targetHints":{"allow":["GET"]}}],"collection":[{"href":"https:\/\/florian-dahlenburg.de\/index.php?rest_route=\/wp\/v2\/pages"}],"about":[{"href":"https:\/\/florian-dahlenburg.de\/index.php?rest_route=\/wp\/v2\/types\/page"}],"author":[{"embeddable":true,"href":"https:\/\/florian-dahlenburg.de\/index.php?rest_route=\/wp\/v2\/users\/1"}],"replies":[{"embeddable":true,"href":"https:\/\/florian-dahlenburg.de\/index.php?rest_route=%2Fwp%2Fv2%2Fcomments&post=63"}],"version-history":[{"count":3,"href":"https:\/\/florian-dahlenburg.de\/index.php?rest_route=\/wp\/v2\/pages\/63\/revisions"}],"predecessor-version":[{"id":362,"href":"https:\/\/florian-dahlenburg.de\/index.php?rest_route=\/wp\/v2\/pages\/63\/revisions\/362"}],"up":[{"embeddable":true,"href":"https:\/\/florian-dahlenburg.de\/index.php?rest_route=\/wp\/v2\/pages\/20"}],"wp:attachment":[{"href":"https:\/\/florian-dahlenburg.de\/index.php?rest_route=%2Fwp%2Fv2%2Fmedia&parent=63"}],"curies":[{"name":"wp","href":"https:\/\/api.w.org\/{rel}","templated":true}]}}